{"id":976,"date":"2021-06-30T14:07:44","date_gmt":"2021-06-30T11:07:44","guid":{"rendered":"http:\/\/www.garozaspamatskola.lv\/pirmsskola\/?page_id=976"},"modified":"2021-11-12T10:48:59","modified_gmt":"2021-11-12T08:48:59","slug":"uznemsanas-kartiba","status":"publish","type":"page","link":"https:\/\/www.garozaspamatskola.lv\/pirmsskola\/uznemsana\/uznemsanas-kartiba\/","title":{"rendered":"Uz\u0146em\u0161anas k\u0101rt\u012bba"},"content":{"rendered":"<p>B\u0113rnus pirmsskol\u0101 uz\u0146em pieteikumu sa\u0146em\u0161anas sec\u012bb\u0101, iev\u0113rojot grup\u0101s br\u012bvo vietu skaitu un uz\u0146em\u0161anas priek\u0161roc\u012bbas. Uz\u0146em\u0161anas k\u0101rt\u012bbu un priek\u0161roc\u012bbas nosaka\u00a0 <a href=\"http:\/\/www.jelgavasnovads.lv\/images\/userfiles\/Saistosie_noteikumi\/2021\/SN_Nr.3_Pirmssk_izgl_nodros_27102021.pdf\" target=\"_blank\" rel=\"noopener\">Jelgavas novada pa\u0161vald\u012bbas saisto\u0161ie noteikumi Nr.3 &#8220;Par pirmsskolas izgl\u012bt\u012bbas nodro\u0161in\u0101\u0161anu Jelgavas novad\u0101&#8221;.<\/a><\/p>\n<p>Grupu komplekt\u0101cija b\u0113rnu uz\u0146em\u0161anai notiek katru gadu no 1.j\u016bnija l\u012bdz 31.j\u016blijam.<\/p>\n<h3>Nepiecie\u0161amie dokumenti, re\u0123istr\u0113jot b\u0113rnu pirmsskol\u0101:<\/h3>\n<ol>\n<li>Iesniegums par b\u0113rna uz\u0146em\u0161anu pirmsskol\u0101;<\/li>\n<li>B\u0113rna medic\u012bnisk\u0101 karte (veidlapa Nr.026\/u);<\/li>\n<li>B\u0113rna dzim\u0161anas apliec\u012bbas ori\u0123in\u0101ls;<\/li>\n<li>Vec\u0101ku vai aizbild\u0146u personas apliecino\u0161ie dokumenti (pase);<\/li>\n<li>Medic\u012bnisk\u0101s komisijas atzinums (ja attiecin\u0101ms).<\/li>\n<\/ol>\n","protected":false},"excerpt":{"rendered":"<p>B\u0113rnus pirmsskol\u0101 uz\u0146em pieteikumu sa\u0146em\u0161anas sec\u012bb\u0101, iev\u0113rojot grup\u0101s br\u012bvo vietu skaitu un uz\u0146em\u0161anas priek\u0161roc\u012bbas. Uz\u0146em\u0161anas k\u0101rt\u012bbu un priek\u0161roc\u012bbas nosaka\u00a0 Jelgavas novada pa\u0161vald\u012bbas saisto\u0161ie noteikumi Nr.3 &#8220;Par pirmsskolas izgl\u012bt\u012bbas nodro\u0161in\u0101\u0161anu Jelgavas novad\u0101&#8221;. Grupu komplekt\u0101cija b\u0113rnu uz\u0146em\u0161anai notiek katru gadu no 1.j\u016bnija l\u012bdz 31.j\u016blijam. Nepiecie\u0161amie dokumenti, re\u0123istr\u0113jot b\u0113rnu pirmsskol\u0101: Iesniegums par b\u0113rna uz\u0146em\u0161anu pirmsskol\u0101; B\u0113rna medic\u012bnisk\u0101 karte [&hellip;]<\/p>\n","protected":false},"author":1,"featured_media":0,"parent":351,"menu_order":0,"comment_status":"closed","ping_status":"closed","template":"","meta":{"_acf_changed":false,"footnotes":""},"class_list":["post-976","page","type-page","status-publish","hentry"],"acf":[],"_links":{"self":[{"href":"https:\/\/www.garozaspamatskola.lv\/pirmsskola\/wp-json\/wp\/v2\/pages\/976","targetHints":{"allow":["GET"]}}],"collection":[{"href":"https:\/\/www.garozaspamatskola.lv\/pirmsskola\/wp-json\/wp\/v2\/pages"}],"about":[{"href":"https:\/\/www.garozaspamatskola.lv\/pirmsskola\/wp-json\/wp\/v2\/types\/page"}],"author":[{"embeddable":true,"href":"https:\/\/www.garozaspamatskola.lv\/pirmsskola\/wp-json\/wp\/v2\/users\/1"}],"replies":[{"embeddable":true,"href":"https:\/\/www.garozaspamatskola.lv\/pirmsskola\/wp-json\/wp\/v2\/comments?post=976"}],"version-history":[{"count":8,"href":"https:\/\/www.garozaspamatskola.lv\/pirmsskola\/wp-json\/wp\/v2\/pages\/976\/revisions"}],"predecessor-version":[{"id":1727,"href":"https:\/\/www.garozaspamatskola.lv\/pirmsskola\/wp-json\/wp\/v2\/pages\/976\/revisions\/1727"}],"up":[{"embeddable":true,"href":"https:\/\/www.garozaspamatskola.lv\/pirmsskola\/wp-json\/wp\/v2\/pages\/351"}],"wp:attachment":[{"href":"https:\/\/www.garozaspamatskola.lv\/pirmsskola\/wp-json\/wp\/v2\/media?parent=976"}],"curies":[{"name":"wp","href":"https:\/\/api.w.org\/{rel}","templated":true}]}}