{"id":895,"date":"2021-06-22T20:02:33","date_gmt":"2021-06-22T17:02:33","guid":{"rendered":"http:\/\/www.garozaspamatskola.lv\/pirmsskola\/?page_id=895"},"modified":"2021-07-12T14:44:37","modified_gmt":"2021-07-12T11:44:37","slug":"skolas-padome","status":"publish","type":"page","link":"https:\/\/www.garozaspamatskola.lv\/pirmsskola\/par-skolu\/skolas-padome\/","title":{"rendered":"Skolas padome"},"content":{"rendered":"<h2>Kas ir skolas padome?<\/h2>\n<p>Skolas padome sadarb\u012bb\u0101 ar skolas vad\u012bbu risina da\u017e\u0101dus aktu\u0101lus jaut\u0101jumus.<\/p>\n<p>Padome iesaist\u0101s da\u017e\u0101du jaut\u0101jumu risin\u0101\u0161an\u0101 ko ierosina vec\u0101ki, skol\u0113ni un pedagogi.<\/p>\n<p>Padome piedal\u0101s da\u017e\u0101du pas\u0101kumu r\u012bko\u0161an\u0101 un atbalst\u012b\u0161an\u0101.<\/p>\n<p>Sapulces notiek divas reizes semestr\u012b.<\/p>\n<h2>K\u0101 pievienoties padom\u0113?<\/h2>\n<p>Skolas padom\u0113 var pieteikties darboties jebkur\u0161 vec\u0101ks, v\u0113lams, lai b\u016btu p\u0101rst\u0101v\u0113tas da\u017e\u0101du kla\u0161u grupas un pirmsskola.<\/p>\n<p>Lai pieteiktos darbam padomei nepiecie\u0161ams sazin\u0101ties ar padomes priek\u0161s\u0113d\u0113t\u0101ju vai skolas direktori.<\/p>\n<h2>Padomes sast\u0101vs 2020.\/2021.m.g.<\/h2>\n<p><b>Skolas domes priek\u0161s\u0113d\u0113t\u0101ja &#8211; Dace Jurgina<\/b><\/p>\n<p><strong>Andra Vecmane<\/strong> 8.klases skol\u0113na vec\u0101ks<\/p>\n<p><strong>Maruta Incinberga<\/strong> 1., 3.klases skol\u0113nu vec\u0101ks<\/p>\n<p><strong>Agris Gaidlazda<\/strong> 2.,6., 9. klases skol\u0113nu vec\u0101ks<\/p>\n<p><strong>Ilze Kellerte<\/strong> 4. klases un pirmsskolas skol\u0113nu vec\u0101ks<\/p>\n<p><strong>Deniss I\u0146\u0137is<\/strong> skol\u0113nu domes p\u0101rst\u0101vis<\/p>\n<p><strong>Anda J\u0113kabsone<\/strong> pedagogs<\/p>\n<p><strong>Dina \u0160telmahere<\/strong> pedagogs<\/p>\n<p><a href=\"http:\/\/www.garozaspamatskola.lv\/wp-content\/uploads\/2021\/07\/Skolas-padomes-reglaments.pdf\">Padomes reglaments<\/a><\/p>\n<p><a href=\"http:\/\/www.garozaspamatskola.lv\/wp-content\/uploads\/2021\/07\/Padomes-darba-plans.pdf\">Skolas padomes darba pl\u0101ns 2020.\/2021.m.g.<\/a><\/p>\n","protected":false},"excerpt":{"rendered":"<p>Kas ir skolas padome? Skolas padome sadarb\u012bb\u0101 ar skolas vad\u012bbu risina da\u017e\u0101dus aktu\u0101lus jaut\u0101jumus. Padome iesaist\u0101s da\u017e\u0101du jaut\u0101jumu risin\u0101\u0161an\u0101 ko ierosina vec\u0101ki, skol\u0113ni un pedagogi. Padome piedal\u0101s da\u017e\u0101du pas\u0101kumu r\u012bko\u0161an\u0101 un atbalst\u012b\u0161an\u0101. Sapulces notiek divas reizes semestr\u012b. K\u0101 pievienoties padom\u0113? Skolas padom\u0113 var pieteikties darboties jebkur\u0161 vec\u0101ks, v\u0113lams, lai b\u016btu p\u0101rst\u0101v\u0113tas da\u017e\u0101du kla\u0161u grupas un [&hellip;]<\/p>\n","protected":false},"author":1,"featured_media":0,"parent":140,"menu_order":7,"comment_status":"closed","ping_status":"closed","template":"","meta":{"_acf_changed":false,"footnotes":""},"class_list":["post-895","page","type-page","status-publish","hentry"],"acf":[],"_links":{"self":[{"href":"https:\/\/www.garozaspamatskola.lv\/pirmsskola\/wp-json\/wp\/v2\/pages\/895","targetHints":{"allow":["GET"]}}],"collection":[{"href":"https:\/\/www.garozaspamatskola.lv\/pirmsskola\/wp-json\/wp\/v2\/pages"}],"about":[{"href":"https:\/\/www.garozaspamatskola.lv\/pirmsskola\/wp-json\/wp\/v2\/types\/page"}],"author":[{"embeddable":true,"href":"https:\/\/www.garozaspamatskola.lv\/pirmsskola\/wp-json\/wp\/v2\/users\/1"}],"replies":[{"embeddable":true,"href":"https:\/\/www.garozaspamatskola.lv\/pirmsskola\/wp-json\/wp\/v2\/comments?post=895"}],"version-history":[{"count":3,"href":"https:\/\/www.garozaspamatskola.lv\/pirmsskola\/wp-json\/wp\/v2\/pages\/895\/revisions"}],"predecessor-version":[{"id":1378,"href":"https:\/\/www.garozaspamatskola.lv\/pirmsskola\/wp-json\/wp\/v2\/pages\/895\/revisions\/1378"}],"up":[{"embeddable":true,"href":"https:\/\/www.garozaspamatskola.lv\/pirmsskola\/wp-json\/wp\/v2\/pages\/140"}],"wp:attachment":[{"href":"https:\/\/www.garozaspamatskola.lv\/pirmsskola\/wp-json\/wp\/v2\/media?parent=895"}],"curies":[{"name":"wp","href":"https:\/\/api.w.org\/{rel}","templated":true}]}}