{"id":763,"date":"2021-06-21T10:25:14","date_gmt":"2021-06-21T07:25:14","guid":{"rendered":"http:\/\/www.garozaspamatskola.lv\/pirmsskola\/?page_id=763"},"modified":"2021-08-31T14:29:54","modified_gmt":"2021-08-31T11:29:54","slug":"stundu-laiki","status":"publish","type":"page","link":"https:\/\/www.garozaspamatskola.lv\/pirmsskola\/sakumlapa\/stundu-laiki\/","title":{"rendered":"Dienas ritms"},"content":{"rendered":"<table dir=\"ltr\" border=\"1\" cellspacing=\"0\" cellpadding=\"0\">\n<colgroup>\n<col width=\"389\" \/>\n<col width=\"126\" \/>\n<col width=\"131\" \/><\/colgroup>\n<tbody>\n<tr>\n<td data-sheets-value=\"{&quot;1&quot;:2,&quot;2&quot;:&quot;Ikdienas rut\u012bna&quot;}\">Ikdienas rut\u012bna<\/td>\n<td data-sheets-value=\"{&quot;1&quot;:2,&quot;2&quot;:&quot;Laiks no&quot;}\">Laiks no<\/td>\n<td data-sheets-value=\"{&quot;1&quot;:2,&quot;2&quot;:&quot;Laiks l\u012bdzi&quot;}\">L\u012bdz<\/td>\n<\/tr>\n<tr>\n<td data-sheets-value=\"{&quot;1&quot;:2,&quot;2&quot;:&quot;B\u0113rnu iera\u0161an\u0101s&quot;}\">B\u0113rnu iera\u0161an\u0101s<\/td>\n<td data-sheets-value=\"{&quot;1&quot;:2,&quot;2&quot;:&quot;7,00&quot;}\">7.00<\/td>\n<td data-sheets-value=\"{&quot;1&quot;:2,&quot;2&quot;:&quot;8,30&quot;}\">8.30<\/td>\n<\/tr>\n<tr>\n<td data-sheets-value=\"{&quot;1&quot;:2,&quot;2&quot;:&quot;Brokastis&quot;}\">Brokastis<\/td>\n<td data-sheets-value=\"{&quot;1&quot;:2,&quot;2&quot;:&quot;8,30&quot;}\">8.30<\/td>\n<td data-sheets-value=\"{&quot;1&quot;:2,&quot;2&quot;:&quot;9,00&quot;}\">9.00<\/td>\n<\/tr>\n<tr>\n<td data-sheets-value=\"{&quot;1&quot;:2,&quot;2&quot;:&quot;Rota\u013cnodarb\u012bbas un pastaiga&quot;}\">Rota\u013cnodarb\u012bbas un pastaiga<\/td>\n<td data-sheets-value=\"{&quot;1&quot;:2,&quot;2&quot;:&quot;9,00&quot;}\">9.00<\/td>\n<td data-sheets-value=\"{&quot;1&quot;:2,&quot;2&quot;:&quot;11,30&quot;}\">11.30<\/td>\n<\/tr>\n<tr>\n<td data-sheets-value=\"{&quot;1&quot;:2,&quot;2&quot;:&quot;Pusdienas&quot;}\">Pusdienas<\/td>\n<td data-sheets-value=\"{&quot;1&quot;:2,&quot;2&quot;:&quot;11,30&quot;}\">11.30<\/td>\n<td data-sheets-value=\"{&quot;1&quot;:2,&quot;2&quot;:&quot;12,00&quot;}\">12.00<\/td>\n<\/tr>\n<tr>\n<td data-sheets-value=\"{&quot;1&quot;:2,&quot;2&quot;:&quot;Higi\u0113nas proced\u016bras, atp\u016bta&quot;}\">Higi\u0113nas proced\u016bras, atp\u016bta<\/td>\n<td data-sheets-value=\"{&quot;1&quot;:2,&quot;2&quot;:&quot;12,00&quot;}\">12.00<\/td>\n<td data-sheets-value=\"{&quot;1&quot;:2,&quot;2&quot;:&quot;14,00&quot;}\">14.00<\/td>\n<\/tr>\n<tr>\n<td data-sheets-value=\"{&quot;1&quot;:2,&quot;2&quot;:&quot;Cel\u0161an\u0101s&quot;}\">Cel\u0161an\u0101s<\/td>\n<td data-sheets-value=\"{&quot;1&quot;:2,&quot;2&quot;:&quot;14,00&quot;}\">14.00<\/td>\n<td data-sheets-value=\"{&quot;1&quot;:2,&quot;2&quot;:&quot;14,30&quot;}\">14.30<\/td>\n<\/tr>\n<tr>\n<td data-sheets-value=\"{&quot;1&quot;:2,&quot;2&quot;:&quot;Launags&quot;}\">Launags<\/td>\n<td data-sheets-value=\"{&quot;1&quot;:2,&quot;2&quot;:&quot;14,30&quot;}\">14.30<\/td>\n<td data-sheets-value=\"{&quot;1&quot;:2,&quot;2&quot;:&quot;15,00&quot;}\">15.00<\/td>\n<\/tr>\n<tr>\n<td data-sheets-value=\"{&quot;1&quot;:2,&quot;2&quot;:&quot;Patst\u0101v\u012bgais darbs, individu\u0101lais darbs, rota\u013cas, do\u0161an\u0101s m\u0101j\u0101s&quot;}\">Patst\u0101v\u012bgais darbs, individu\u0101lais darbs, rota\u013cas, do\u0161an\u0101s m\u0101j\u0101s<\/td>\n<td data-sheets-value=\"{&quot;1&quot;:2,&quot;2&quot;:&quot;15,00&quot;}\">15.00<\/td>\n<td data-sheets-value=\"{&quot;1&quot;:2,&quot;2&quot;:&quot;19,00&quot;}\">19.00<\/td>\n<\/tr>\n<\/tbody>\n<\/table>\n","protected":false},"excerpt":{"rendered":"<p>Ikdienas rut\u012bna Laiks no L\u012bdz B\u0113rnu iera\u0161an\u0101s 7.00 8.30 Brokastis 8.30 9.00 Rota\u013cnodarb\u012bbas un pastaiga 9.00 11.30 Pusdienas 11.30 12.00 Higi\u0113nas proced\u016bras, atp\u016bta 12.00 14.00 Cel\u0161an\u0101s 14.00 14.30 Launags 14.30 15.00 Patst\u0101v\u012bgais darbs, individu\u0101lais darbs, rota\u013cas, do\u0161an\u0101s m\u0101j\u0101s 15.00 19.00<\/p>\n","protected":false},"author":1,"featured_media":0,"parent":7,"menu_order":1,"comment_status":"closed","ping_status":"closed","template":"","meta":{"_acf_changed":false,"footnotes":""},"class_list":["post-763","page","type-page","status-publish","hentry"],"acf":[],"_links":{"self":[{"href":"https:\/\/www.garozaspamatskola.lv\/pirmsskola\/wp-json\/wp\/v2\/pages\/763","targetHints":{"allow":["GET"]}}],"collection":[{"href":"https:\/\/www.garozaspamatskola.lv\/pirmsskola\/wp-json\/wp\/v2\/pages"}],"about":[{"href":"https:\/\/www.garozaspamatskola.lv\/pirmsskola\/wp-json\/wp\/v2\/types\/page"}],"author":[{"embeddable":true,"href":"https:\/\/www.garozaspamatskola.lv\/pirmsskola\/wp-json\/wp\/v2\/users\/1"}],"replies":[{"embeddable":true,"href":"https:\/\/www.garozaspamatskola.lv\/pirmsskola\/wp-json\/wp\/v2\/comments?post=763"}],"version-history":[{"count":11,"href":"https:\/\/www.garozaspamatskola.lv\/pirmsskola\/wp-json\/wp\/v2\/pages\/763\/revisions"}],"predecessor-version":[{"id":1530,"href":"https:\/\/www.garozaspamatskola.lv\/pirmsskola\/wp-json\/wp\/v2\/pages\/763\/revisions\/1530"}],"up":[{"embeddable":true,"href":"https:\/\/www.garozaspamatskola.lv\/pirmsskola\/wp-json\/wp\/v2\/pages\/7"}],"wp:attachment":[{"href":"https:\/\/www.garozaspamatskola.lv\/pirmsskola\/wp-json\/wp\/v2\/media?parent=763"}],"curies":[{"name":"wp","href":"https:\/\/api.w.org\/{rel}","templated":true}]}}