{"id":170,"date":"2021-06-02T15:52:44","date_gmt":"2021-06-02T12:52:44","guid":{"rendered":"http:\/\/www.garozaspamatskola.lv\/pirmsskola\/?page_id=170"},"modified":"2024-04-11T15:54:48","modified_gmt":"2024-04-11T12:54:48","slug":"musu-komanda","status":"publish","type":"page","link":"https:\/\/www.garozaspamatskola.lv\/pirmsskola\/par-skolu\/musu-komanda\/","title":{"rendered":"M\u016bsu komanda"},"content":{"rendered":"<p>M\u016bsu pirmsskolas kolekt\u012bv\u0101 ir pieredzes bag\u0101ti un zino\u0161i pedagogi, kuri papildus apguvu\u0161i Montesori metodiku, un atsauc\u012bgi pedagogu pal\u012bgi.<\/p>\n<p>M\u0113s pal\u012bdzam ikvienam b\u0113rnam att\u012bst\u012bties sav\u0101 temp\u0101, pal\u012bdzam b\u0113rnam dom\u0101t un dar\u012bt pa\u0161am.<\/p>\n","protected":false},"excerpt":{"rendered":"<p>M\u016bsu pirmsskolas kolekt\u012bv\u0101 ir pieredzes bag\u0101ti un zino\u0161i pedagogi, kuri papildus apguvu\u0161i Montesori metodiku, un atsauc\u012bgi pedagogu pal\u012bgi. M\u0113s pal\u012bdzam ikvienam b\u0113rnam att\u012bst\u012bties sav\u0101 temp\u0101, pal\u012bdzam b\u0113rnam dom\u0101t un dar\u012bt pa\u0161am.<\/p>\n","protected":false},"author":1,"featured_media":2061,"parent":140,"menu_order":0,"comment_status":"closed","ping_status":"closed","template":"","meta":{"_acf_changed":false,"footnotes":""},"class_list":["post-170","page","type-page","status-publish","has-post-thumbnail","hentry"],"acf":[],"_links":{"self":[{"href":"https:\/\/www.garozaspamatskola.lv\/pirmsskola\/wp-json\/wp\/v2\/pages\/170","targetHints":{"allow":["GET"]}}],"collection":[{"href":"https:\/\/www.garozaspamatskola.lv\/pirmsskola\/wp-json\/wp\/v2\/pages"}],"about":[{"href":"https:\/\/www.garozaspamatskola.lv\/pirmsskola\/wp-json\/wp\/v2\/types\/page"}],"author":[{"embeddable":true,"href":"https:\/\/www.garozaspamatskola.lv\/pirmsskola\/wp-json\/wp\/v2\/users\/1"}],"replies":[{"embeddable":true,"href":"https:\/\/www.garozaspamatskola.lv\/pirmsskola\/wp-json\/wp\/v2\/comments?post=170"}],"version-history":[{"count":5,"href":"https:\/\/www.garozaspamatskola.lv\/pirmsskola\/wp-json\/wp\/v2\/pages\/170\/revisions"}],"predecessor-version":[{"id":2940,"href":"https:\/\/www.garozaspamatskola.lv\/pirmsskola\/wp-json\/wp\/v2\/pages\/170\/revisions\/2940"}],"up":[{"embeddable":true,"href":"https:\/\/www.garozaspamatskola.lv\/pirmsskola\/wp-json\/wp\/v2\/pages\/140"}],"wp:featuredmedia":[{"embeddable":true,"href":"https:\/\/www.garozaspamatskola.lv\/pirmsskola\/wp-json\/wp\/v2\/media\/2061"}],"wp:attachment":[{"href":"https:\/\/www.garozaspamatskola.lv\/pirmsskola\/wp-json\/wp\/v2\/media?parent=170"}],"curies":[{"name":"wp","href":"https:\/\/api.w.org\/{rel}","templated":true}]}}