{"id":140,"date":"2021-05-31T18:29:04","date_gmt":"2021-05-31T15:29:04","guid":{"rendered":"http:\/\/www.garozaspamatskola.lv\/pirmsskola\/?page_id=140"},"modified":"2024-04-11T16:00:30","modified_gmt":"2024-04-11T13:00:30","slug":"par-skolu","status":"publish","type":"page","link":"https:\/\/www.garozaspamatskola.lv\/pirmsskola\/par-skolu\/","title":{"rendered":"Par pirmsskolu"},"content":{"rendered":"<h2>Filozofija<\/h2>\n<p><span style=\"font-weight: 400\">M\u0113s iev\u0113rojam katra b\u0113rna patreiz\u0113jo att\u012bst\u012bbas stadiju, unik\u0101lo person\u012bbu. Neliel\u0101s pirmsskolas grupas palielina individualiz\u0101cijas iesp\u0113ju, kas \u013cauj katram b\u0113rnam izzin\u0101t un p\u0113t\u012bt jauno vi\u0146am atbilsto\u0161\u0101 temp\u0101. Grupas vides iek\u0101rtojums aktivit\u0101\u0161u centros \u013cauj veikt individualiz\u0101ciju b\u0113rnam pa\u0161am. Mums \u0161\u0137iet svar\u012bgi\u00a0 saglab\u0101t un <\/span><b>veicin\u0101t b\u0113rna dab\u012bgo zin\u0101tk\u0101ri<\/b><span style=\"font-weight: 400\">, rosinot b\u0113rnus pa\u0161us izdar\u012bt izv\u0113li. M\u0113r\u0137tiec\u012bgi veicinot <\/span><b>kritisk\u0101 dom\u0101t\u0101ja<\/b><span style=\"font-weight: 400\"> prasmju att\u012bst\u012bbu jaun\u0101ko\u00a0 b\u0113rnu grup\u0101s, vec\u0101kaj\u0101s grup\u0101s b\u0113rni ir gatavi <\/span><b>pa\u0161i\u00a0 izv\u0113l\u0113ties<\/b><span style=\"font-weight: 400\"> p\u0113t\u0101m\u0101s t\u0113mas, kop\u0101 ar pedagogu <\/span><b>izvirz\u012bt\u00a0 m\u0101c\u012bbu uzdevumus<\/b><span style=\"font-weight: 400\">.<\/span><\/p>\n<h2>Par mums<\/h2>\n<p><span style=\"font-weight: 400\">Garozas pamatskol\u0101 darbojas 4 pirmsskolas grupas, kuras apmekl\u0113 b\u0113rni no 1,5 l\u012bdz 7 gadu vecumam. Ar pirmsskolas vecuma b\u0113rniem str\u0101d\u0101 7 pirmsskolas pedagogi, m\u016bzikas skolot\u0101js, sporta skolot\u0101js un 5 pedagogu pal\u012bgi. Pirmsskol\u0101 pieejami \u0161\u0101di atbalsta speci\u0101listi &#8211; psihologs, soci\u0101lais pedagogs, medm\u0101sa un logop\u0113ds (str\u0101d\u0101 galvenok\u0101rt ar 5 &#8211; 6 gad\u012bgajiem b\u0113rniem).<\/span><\/p>\n<p><span style=\"font-weight: 400\">Pirmsskolas grupas str\u0101d\u0101 no plkst. 7.00 l\u012bdz 19.00.<\/span><\/p>\n","protected":false},"excerpt":{"rendered":"<p>Filozofija M\u0113s iev\u0113rojam katra b\u0113rna patreiz\u0113jo att\u012bst\u012bbas stadiju, unik\u0101lo person\u012bbu. Neliel\u0101s pirmsskolas grupas palielina individualiz\u0101cijas iesp\u0113ju, kas \u013cauj katram b\u0113rnam izzin\u0101t un p\u0113t\u012bt jauno vi\u0146am atbilsto\u0161\u0101 temp\u0101. Grupas vides iek\u0101rtojums aktivit\u0101\u0161u centros \u013cauj veikt individualiz\u0101ciju b\u0113rnam pa\u0161am. Mums \u0161\u0137iet svar\u012bgi\u00a0 saglab\u0101t un veicin\u0101t b\u0113rna dab\u012bgo zin\u0101tk\u0101ri, rosinot b\u0113rnus pa\u0161us izdar\u012bt izv\u0113li. M\u0113r\u0137tiec\u012bgi veicinot kritisk\u0101 dom\u0101t\u0101ja [&hellip;]<\/p>\n","protected":false},"author":1,"featured_media":1088,"parent":0,"menu_order":2,"comment_status":"closed","ping_status":"closed","template":"templates\/about-us-template.php","meta":{"_acf_changed":false,"footnotes":""},"class_list":["post-140","page","type-page","status-publish","has-post-thumbnail","hentry"],"acf":[],"_links":{"self":[{"href":"https:\/\/www.garozaspamatskola.lv\/pirmsskola\/wp-json\/wp\/v2\/pages\/140","targetHints":{"allow":["GET"]}}],"collection":[{"href":"https:\/\/www.garozaspamatskola.lv\/pirmsskola\/wp-json\/wp\/v2\/pages"}],"about":[{"href":"https:\/\/www.garozaspamatskola.lv\/pirmsskola\/wp-json\/wp\/v2\/types\/page"}],"author":[{"embeddable":true,"href":"https:\/\/www.garozaspamatskola.lv\/pirmsskola\/wp-json\/wp\/v2\/users\/1"}],"replies":[{"embeddable":true,"href":"https:\/\/www.garozaspamatskola.lv\/pirmsskola\/wp-json\/wp\/v2\/comments?post=140"}],"version-history":[{"count":6,"href":"https:\/\/www.garozaspamatskola.lv\/pirmsskola\/wp-json\/wp\/v2\/pages\/140\/revisions"}],"predecessor-version":[{"id":2942,"href":"https:\/\/www.garozaspamatskola.lv\/pirmsskola\/wp-json\/wp\/v2\/pages\/140\/revisions\/2942"}],"wp:featuredmedia":[{"embeddable":true,"href":"https:\/\/www.garozaspamatskola.lv\/pirmsskola\/wp-json\/wp\/v2\/media\/1088"}],"wp:attachment":[{"href":"https:\/\/www.garozaspamatskola.lv\/pirmsskola\/wp-json\/wp\/v2\/media?parent=140"}],"curies":[{"name":"wp","href":"https:\/\/api.w.org\/{rel}","templated":true}]}}